{"id":63,"date":"2020-03-30T22:16:46","date_gmt":"2020-03-30T22:16:46","guid":{"rendered":"https:\/\/morionjoyeria.com\/?page_id=63"},"modified":"2020-03-31T19:12:41","modified_gmt":"2020-03-31T19:12:41","slug":"quienes-somos","status":"publish","type":"page","link":"https:\/\/morionjoyeria.com\/?page_id=63","title":{"rendered":"Quienes Somos"},"content":{"rendered":"<p>[et_pb_section fb_built=\u00bb1&#8243; _builder_version=\u00bb4.4.2&#8243; use_background_color_gradient=\u00bbon\u00bb background_color_gradient_start=\u00bbrgba(0,0,0,0.39)\u00bb background_color_gradient_end=\u00bbrgba(0,0,0,0.34)\u00bb background_color_gradient_direction=\u00bb90deg\u00bb background_color_gradient_overlays_image=\u00bbon\u00bb background_image=\u00bbhttps:\/\/morionjoyeria.com\/wp-content\/uploads\/2020\/03\/Joyeria-Morion-person-touching-green-leaves-2010995-scaled.jpg\u00bb custom_padding=\u00bb14%||14%||true|false\u00bb][et_pb_row column_structure=\u00bb3_5,2_5&#8243; use_custom_gutter=\u00bbon\u00bb gutter_width=\u00bb2&#8243; make_equal=\u00bbon\u00bb _builder_version=\u00bb3.29.2&#8243; width=\u00bb90%\u00bb width_tablet=\u00bb90%\u00bb width_phone=\u00bb90%\u00bb width_last_edited=\u00bbon|phone\u00bb max_width=\u00bb1400px\u00bb max_width_tablet=\u00bb90%\u00bb max_width_phone=\u00bb90%\u00bb max_width_last_edited=\u00bbon|tablet\u00bb][et_pb_column type=\u00bb3_5&#8243; _builder_version=\u00bb3.29.2&#8243;][et_pb_text _builder_version=\u00bb4.4.2&#8243; text_font=\u00bbPoppins|700|||||||\u00bb text_text_color=\u00bb#ffffff\u00bb text_letter_spacing=\u00bb3px\u00bb text_line_height=\u00bb1em\u00bb animation_style=\u00bbfade\u00bb]<\/p>\n<p>QUI\u00c9NES SOMOS<\/p>\n<p>[\/et_pb_text][et_pb_text _builder_version=\u00bb4.4.2&#8243; text_font=\u00bbMuli||||||||\u00bb text_text_color=\u00bb#FFFFFF\u00bb text_font_size=\u00bb16px\u00bb text_line_height=\u00bb1.8em\u00bb header_font=\u00bbPoppins||||||||\u00bb header_text_color=\u00bb#ffffff\u00bb header_font_size=\u00bb70px\u00bb header_line_height=\u00bb1.1em\u00bb animation_style=\u00bbfade\u00bb animation_delay=\u00bb250ms\u00bb header_font_size_tablet=\u00bb\u00bb header_font_size_phone=\u00bb35px\u00bb header_font_size_last_edited=\u00bbon|phone\u00bb]<\/p>\n<h1>Morion es una joyer\u00eda<\/h1>\n<p><span>especializada en ofrecer felicidad y experiencia placentera en la compra de Argollas de Matrimonio y Anillos de Compromiso, utilizando el material que prefieras, entre el oro, el platino o la plata.<\/span><\/p>\n<p>[\/et_pb_text][\/et_pb_column][et_pb_column type=\u00bb2_5&#8243; _builder_version=\u00bb3.29.2&#8243;][\/et_pb_column][\/et_pb_row][\/et_pb_section][et_pb_section fb_built=\u00bb1&#8243; _builder_version=\u00bb4.4.2&#8243;][et_pb_row column_structure=\u00bb1_2,1_2&#8243; _builder_version=\u00bb4.4.2&#8243;][et_pb_column type=\u00bb1_2&#8243; _builder_version=\u00bb4.4.2&#8243;][et_pb_image src=\u00bbhttps:\/\/morionjoyeria.com\/wp-content\/uploads\/2020\/03\/Joyeria-Morion-Colombia-blur-close-up-gold-jewelry-445986.jpg\u00bb _builder_version=\u00bb4.4.2&#8243; animation_style=\u00bbslide\u00bb animation_direction=\u00bbleft\u00bb][\/et_pb_image][\/et_pb_column][et_pb_column type=\u00bb1_2&#8243; _builder_version=\u00bb4.4.2&#8243;][et_pb_text _builder_version=\u00bb4.4.2&#8243; text_font=\u00bbPoppins|700||on|||||\u00bb text_text_color=\u00bb#290b3a\u00bb]<\/p>\n<p>solo lo mejor<\/p>\n<p>[\/et_pb_text][et_pb_text _builder_version=\u00bb4.4.2&#8243; header_2_font=\u00bb|600|||||||\u00bb header_2_font_size=\u00bb25px\u00bb header_3_font=\u00bb|600|||||||\u00bb]<\/p>\n<h2 style=\"text-align: justify;\">Joyas y materiales con garant\u00eda de Calidad<\/h2>\n<p style=\"text-align: justify;\">[\/et_pb_text][et_pb_divider color=\u00bb#290b3a\u00bb divider_weight=\u00bb3px\u00bb _builder_version=\u00bb4.4.2&#8243; max_width=\u00bb15%\u00bb module_alignment=\u00bbleft\u00bb custom_margin=\u00bb-11px||||false|false\u00bb][\/et_pb_divider][et_pb_text _builder_version=\u00bb4.4.2&#8243; text_font=\u00bbMuli||||||||\u00bb text_font_size=\u00bb16px\u00bb text_line_height=\u00bb1.8em\u00bb]<\/p>\n<p>Nuestras joyas cuentan con garant\u00eda de calidad y con los m\u00e1s prestigiosos certificados gemol\u00f3gicos a nivel internacional.<\/p>\n<p>[\/et_pb_text][\/et_pb_column][\/et_pb_row][\/et_pb_section][et_pb_section fb_built=\u00bb1&#8243; admin_label=\u00bbHero\u00bb _builder_version=\u00bb3.22&#8243; custom_padding=\u00bb0px|0px|0px|0px\u00bb][et_pb_row column_structure=\u00bb1_2,1_2&#8243; use_custom_gutter=\u00bbon\u00bb gutter_width=\u00bb1&#8243; make_equal=\u00bbon\u00bb padding_top_bottom_link_1=\u00bbtrue\u00bb padding_left_right_link_1=\u00bbtrue\u00bb module_class=\u00bb et_pb_row_fullwidth\u00bb _builder_version=\u00bb4.4.2&#8243; background_blend=\u00bbmultiply\u00bb width=\u00bb100%\u00bb width_tablet=\u00bb100%\u00bb width_phone=\u00bb\u00bb width_last_edited=\u00bbon|desktop\u00bb max_width=\u00bb100%\u00bb max_width_tablet=\u00bb100%\u00bb max_width_phone=\u00bb\u00bb max_width_last_edited=\u00bbon|desktop\u00bb custom_padding=\u00bb0px||0px|\u00bb make_fullwidth=\u00bbon\u00bb][et_pb_column type=\u00bb1_2&#8243; _builder_version=\u00bb4.4.2&#8243; background_color=\u00bb#290b3a\u00bb custom_padding=\u00bb8%|7%|8%|7%\u00bb custom_padding_tablet=\u00bb\u00bb custom_padding_phone=\u00bb23%|8%|23%|8%|true|true\u00bb custom_padding_last_edited=\u00bbon|desktop\u00bb custom_padding__hover=\u00bb|||\u00bb][et_pb_text _builder_version=\u00bb4.4.2&#8243; text_font=\u00bb||||||||\u00bb header_font=\u00bbPoppins|700||on|||||\u00bb header_text_color=\u00bb#ffffff\u00bb header_font_size=\u00bb35px\u00bb header_line_height=\u00bb1.3em\u00bb header_3_font=\u00bb|600|||||||\u00bb header_3_text_color=\u00bb#FFFFFF\u00bb custom_margin=\u00bb-10px||40px|\u00bb header_font_size_tablet=\u00bb\u00bb header_font_size_phone=\u00bb25px\u00bb header_font_size_last_edited=\u00bbon|desktop\u00bb locked=\u00bboff\u00bb]<\/p>\n<h3>Desde 2014<\/h3>\n<p>[\/et_pb_text][et_pb_divider color=\u00bb#755f86&#8243; divider_weight=\u00bb3px\u00bb _builder_version=\u00bb4.4.2&#8243; max_width=\u00bb15%\u00bb module_alignment=\u00bbleft\u00bb custom_margin=\u00bb-30px|||\u00bb][\/et_pb_divider][et_pb_text _builder_version=\u00bb4.4.2&#8243; text_font=\u00bbMuli||||||||\u00bb text_text_color=\u00bb#ffffff\u00bb text_font_size=\u00bb16px\u00bb text_line_height=\u00bb1.8em\u00bb header_font=\u00bb||||||||\u00bb custom_margin=\u00bb12px||50px|\u00bb locked=\u00bboff\u00bb]<\/p>\n<p><span>Creamos en nuestros clientes una bella experiencia por medio de la joyer\u00eda, poniendo a disposici\u00f3n un amplio cat\u00e1logo de productos en donde pueden elegir el ideal seg\u00fan la ocasi\u00f3n.<\/span><\/p>\n<p><span>Utilizamos materias primas de calidad, previamente certificadas, con los que transmitimos confianza y tranquilidad a nuestros clientes.<\/span><\/p>\n<p><span>Proveemos piedras preciosas de la m\u00e1s alta calidad certificadas y poseemos nuestras propias instalaciones industriales para la elaboraci\u00f3n de nuestros productos con la \u00faltima tecnolog\u00eda en Joyer\u00eda.<\/span><\/p>\n<p><span>Ofrecemos productos y servicios en la ciudad de Bogot\u00e1 y a nivel nacional.<\/span><\/p>\n<p><span>Morion Joyer\u00eda es tu opci\u00f3n ideal para escoger tus Anillos de Compromiso y Argollas de Matrimonio para sellar tu Alianza Matrimonial<\/span>.<\/p>\n<p>[\/et_pb_text][\/et_pb_column][et_pb_column type=\u00bb1_2&#8243; _builder_version=\u00bb4.4.2&#8243; background_image=\u00bbhttps:\/\/morionjoyeria.com\/wp-content\/uploads\/2020\/03\/Joyeria-en-Bogota-Morion-beautiful-beauty-fashion-female-1454172-scaled.jpg\u00bb parallax=\u00bbon\u00bb custom_padding=\u00bb|||\u00bb custom_padding__hover=\u00bb|||\u00bb][et_pb_divider show_divider=\u00bboff\u00bb disabled_on=\u00bboff|off|on\u00bb _builder_version=\u00bb3.21.1&#8243; custom_padding=\u00bb197px||197px||true\u00bb][\/et_pb_divider][\/et_pb_column][\/et_pb_row][\/et_pb_section][et_pb_section fb_built=\u00bb1&#8243; specialty=\u00bbon\u00bb _builder_version=\u00bb4.4.2&#8243; custom_padding=\u00bb80px|0px|80px|0px|true|false\u00bb hover_enabled=\u00bb0&#8243; disabled_on=\u00bbon|on|on\u00bb disabled=\u00bbon\u00bb][et_pb_column type=\u00bb1_2&#8243; _builder_version=\u00bb3.25&#8243; custom_padding=\u00bb|||\u00bb custom_padding__hover=\u00bb|||\u00bb][et_pb_image src=\u00bbhttps:\/\/play.divi.express\/wp-content\/uploads\/2019\/03\/ce2s2sfs.jpg\u00bb align_tablet=\u00bbcenter\u00bb align_phone=\u00bb\u00bb align_last_edited=\u00bbon|desktop\u00bb _builder_version=\u00bb3.23&#8243; border_radii=\u00bbon|5px|5px|5px|5px\u00bb box_shadow_style=\u00bbpreset1&#8243; box_shadow_vertical=\u00bb71px\u00bb box_shadow_blur=\u00bb75px\u00bb box_shadow_color=\u00bbrgba(89,89,89,0.3)\u00bb][\/et_pb_image][\/et_pb_column][et_pb_column type=\u00bb1_2&#8243; specialty_columns=\u00bb2&#8243; _builder_version=\u00bb3.25&#8243; custom_padding=\u00bb|||\u00bb custom_padding__hover=\u00bb|||\u00bb][et_pb_row_inner _builder_version=\u00bb3.25&#8243;][et_pb_column_inner saved_specialty_column_type=\u00bb1_2&#8243; _builder_version=\u00bb3.25&#8243; custom_padding=\u00bb|||\u00bb custom_padding__hover=\u00bb|||\u00bb][et_pb_text _builder_version=\u00bb3.27.4&#8243; text_font=\u00bbMuli||||||||\u00bb text_text_color=\u00bb#000000&#8243; text_font_size=\u00bb16px\u00bb text_line_height=\u00bb1.8em\u00bb header_font=\u00bbPoppins|700||on|||||\u00bb header_text_color=\u00bb#000000&#8243; header_font_size=\u00bb35px\u00bb header_line_height=\u00bb1.3em\u00bb custom_padding=\u00bb17px|||\u00bb header_font_size_tablet=\u00bb\u00bb header_font_size_phone=\u00bb25px\u00bb header_font_size_last_edited=\u00bbon|desktop\u00bb]<\/p>\n<h1>Excepteur sint occaecat cupidatat non proident sunt in culpa.<\/h1>\n<p>[\/et_pb_text][et_pb_divider color=\u00bb#e25300&#8243; divider_weight=\u00bb3px\u00bb _builder_version=\u00bb3.21.1&#8243; max_width=\u00bb22%\u00bb module_alignment=\u00bbleft\u00bb custom_margin=\u00bb-18px|||\u00bb][\/et_pb_divider][et_pb_text _builder_version=\u00bb3.27.4&#8243; text_font=\u00bbMuli||||||||\u00bb text_text_color=\u00bb#000000&#8243; text_font_size=\u00bb16px\u00bb text_line_height=\u00bb1.8em\u00bb header_font=\u00bbPoppins|700||on|||||\u00bb header_text_color=\u00bb#000000&#8243; header_font_size=\u00bb35px\u00bb header_line_height=\u00bb1.3em\u00bb custom_margin=\u00bb-26px||\u00bb custom_padding=\u00bb0px|||\u00bb]<\/p>\n<p>Lorem ipsum dolor sit amet consectetur adipiscing elit sed do eiusmod tempor incididunt ut labore et dolore magna aliqua. Ut enim ad minim veniam quis nostrud exercitation ullamco laboris nisi ut aliquip ex ea commodo consequat.<\/p>\n<p>[\/et_pb_text][\/et_pb_column_inner][\/et_pb_row_inner][et_pb_row_inner column_structure=\u00bb1_2,1_2&#8243; _builder_version=\u00bb3.25&#8243;][et_pb_column_inner type=\u00bb1_2&#8243; saved_specialty_column_type=\u00bb1_2&#8243; _builder_version=\u00bb3.25&#8243; custom_padding=\u00bb|||\u00bb custom_padding__hover=\u00bb|||\u00bb][et_pb_blurb use_icon=\u00bbon\u00bb font_icon=\u00bb%%28%%\u00bb icon_color=\u00bb#000000&#8243; icon_placement=\u00bbleft\u00bb use_icon_font_size=\u00bbon\u00bb icon_font_size=\u00bb28px\u00bb _builder_version=\u00bb3.21.1&#8243; header_font=\u00bbMuli|700|||||||\u00bb header_text_align=\u00bbcenter\u00bb header_text_color=\u00bb#297FCA\u00bb header_font_size=\u00bb20px\u00bb body_font=\u00bbPoppins||||||||\u00bb body_text_align=\u00bbcenter\u00bb body_text_color=\u00bb#000000&#8243; body_font_size=\u00bb16px\u00bb body_line_height=\u00bb1.8em\u00bb custom_margin=\u00bb-10px|||\u00bb custom_padding=\u00bb||||true\u00bb animation=\u00bboff\u00bb icon_color__hover_enabled=\u00bbon\u00bb icon_color__hover=\u00bb#e25300&#8243; body_text_color__hover_enabled=\u00bbon\u00bb body_text_color__hover=\u00bb#e25300&#8243;]<\/p>\n<p>Duis aute irure dolor<\/p>\n<p>[\/et_pb_blurb][et_pb_blurb use_icon=\u00bbon\u00bb font_icon=\u00bb%%28%%\u00bb icon_color=\u00bb#000000&#8243; icon_placement=\u00bbleft\u00bb use_icon_font_size=\u00bbon\u00bb icon_font_size=\u00bb28px\u00bb _builder_version=\u00bb3.21.1&#8243; header_font=\u00bbMuli|700|||||||\u00bb header_text_align=\u00bbcenter\u00bb header_text_color=\u00bb#297FCA\u00bb header_font_size=\u00bb20px\u00bb body_font=\u00bbPoppins||||||||\u00bb body_text_align=\u00bbcenter\u00bb body_text_color=\u00bb#000000&#8243; body_font_size=\u00bb16px\u00bb body_line_height=\u00bb1.8em\u00bb custom_margin=\u00bb-10px|||\u00bb custom_padding=\u00bb||||true\u00bb animation=\u00bboff\u00bb icon_color__hover=\u00bb#e25300&#8243; icon_color__hover_enabled=\u00bbon\u00bb body_text_color__hover=\u00bb#e25300&#8243; body_text_color__hover_enabled=\u00bbon\u00bb]<\/p>\n<p>Exceur sante loremar<\/p>\n<p>[\/et_pb_blurb][et_pb_blurb use_icon=\u00bbon\u00bb font_icon=\u00bb%%28%%\u00bb icon_color=\u00bb#000000&#8243; icon_placement=\u00bbleft\u00bb use_icon_font_size=\u00bbon\u00bb icon_font_size=\u00bb28px\u00bb _builder_version=\u00bb3.15&#8243; header_font=\u00bbMuli|700|||||||\u00bb header_text_align=\u00bbcenter\u00bb header_text_color=\u00bb#297FCA\u00bb header_font_size=\u00bb20px\u00bb body_font=\u00bbPoppins||||||||\u00bb body_text_align=\u00bbcenter\u00bb body_text_color=\u00bb#000000&#8243; body_font_size=\u00bb16px\u00bb body_line_height=\u00bb1.8em\u00bb custom_margin=\u00bb-10px|||\u00bb custom_padding=\u00bb||||true\u00bb animation=\u00bboff\u00bb icon_color__hover=\u00bb#e25300&#8243; icon_color__hover_enabled=\u00bbon\u00bb body_text_color__hover=\u00bb#e25300&#8243; body_text_color__hover_enabled=\u00bbon\u00bb]<\/p>\n<p>Magna aliqua enim<\/p>\n<p>[\/et_pb_blurb][\/et_pb_column_inner][et_pb_column_inner type=\u00bb1_2&#8243; saved_specialty_column_type=\u00bb1_2&#8243; _builder_version=\u00bb3.25&#8243; custom_padding=\u00bb|||\u00bb custom_padding__hover=\u00bb|||\u00bb][et_pb_blurb use_icon=\u00bbon\u00bb font_icon=\u00bb%%28%%\u00bb icon_color=\u00bb#000000&#8243; icon_placement=\u00bbleft\u00bb use_icon_font_size=\u00bbon\u00bb icon_font_size=\u00bb28px\u00bb _builder_version=\u00bb3.15&#8243; header_font=\u00bbMuli|700|||||||\u00bb header_text_align=\u00bbcenter\u00bb header_text_color=\u00bb#297FCA\u00bb header_font_size=\u00bb20px\u00bb body_font=\u00bbPoppins||||||||\u00bb body_text_align=\u00bbcenter\u00bb body_text_color=\u00bb#000000&#8243; body_font_size=\u00bb16px\u00bb body_line_height=\u00bb1.8em\u00bb custom_margin=\u00bb-10px|||\u00bb custom_padding=\u00bb||||true\u00bb animation=\u00bboff\u00bb icon_color__hover=\u00bb#e25300&#8243; icon_color__hover_enabled=\u00bbon\u00bb body_text_color__hover=\u00bb#e25300&#8243; body_text_color__hover_enabled=\u00bbon\u00bb]<\/p>\n<p>Exceur sante loremar<\/p>\n<p>[\/et_pb_blurb][et_pb_blurb use_icon=\u00bbon\u00bb font_icon=\u00bb%%28%%\u00bb icon_color=\u00bb#000000&#8243; icon_placement=\u00bbleft\u00bb use_icon_font_size=\u00bbon\u00bb icon_font_size=\u00bb28px\u00bb _builder_version=\u00bb3.21.1&#8243; header_font=\u00bbMuli|700|||||||\u00bb header_text_align=\u00bbcenter\u00bb header_text_color=\u00bb#297FCA\u00bb header_font_size=\u00bb20px\u00bb body_font=\u00bbPoppins||||||||\u00bb body_text_align=\u00bbcenter\u00bb body_text_color=\u00bb#000000&#8243; body_font_size=\u00bb16px\u00bb body_line_height=\u00bb1.8em\u00bb custom_margin=\u00bb-10px|||\u00bb custom_padding=\u00bb||||true\u00bb animation=\u00bboff\u00bb icon_color__hover=\u00bb#e25300&#8243; icon_color__hover_enabled=\u00bbon\u00bb body_text_color__hover=\u00bb#e25300&#8243; body_text_color__hover_enabled=\u00bbon\u00bb]<\/p>\n<p>Magna aliqua enim<\/p>\n<p>[\/et_pb_blurb][et_pb_blurb use_icon=\u00bbon\u00bb font_icon=\u00bb%%28%%\u00bb icon_color=\u00bb#000000&#8243; icon_placement=\u00bbleft\u00bb use_icon_font_size=\u00bbon\u00bb icon_font_size=\u00bb28px\u00bb _builder_version=\u00bb3.15&#8243; header_font=\u00bbMuli|700|||||||\u00bb header_text_align=\u00bbcenter\u00bb header_text_color=\u00bb#297FCA\u00bb header_font_size=\u00bb20px\u00bb body_font=\u00bbPoppins||||||||\u00bb body_text_align=\u00bbcenter\u00bb body_text_color=\u00bb#000000&#8243; body_font_size=\u00bb16px\u00bb body_line_height=\u00bb1.8em\u00bb custom_margin=\u00bb-10px|||\u00bb custom_padding=\u00bb||||true\u00bb animation=\u00bboff\u00bb icon_color__hover=\u00bb#e25300&#8243; icon_color__hover_enabled=\u00bbon\u00bb body_text_color__hover=\u00bb#e25300&#8243; body_text_color__hover_enabled=\u00bbon\u00bb]<\/p>\n<p>Duis aute irure dolor<\/p>\n<p>[\/et_pb_blurb][\/et_pb_column_inner][\/et_pb_row_inner][\/et_pb_column][\/et_pb_section]<\/p>\n","protected":false},"excerpt":{"rendered":"<p>[et_pb_section fb_built=\u00bb1&#8243; _builder_version=\u00bb4.4.2&#8243; use_background_color_gradient=\u00bbon\u00bb background_color_gradient_start=\u00bbrgba(0,0,0,0.39)\u00bb background_color_gradient_end=\u00bbrgba(0,0,0,0.34)\u00bb background_color_gradient_direction=\u00bb90deg\u00bb background_color_gradient_overlays_image=\u00bbon\u00bb background_image=\u00bbhttps:\/\/morionjoyeria.com\/wp-content\/uploads\/2020\/03\/Joyeria-Morion-person-touching-green-leaves-2010995-scaled.jpg\u00bb custom_padding=\u00bb14%||14%||true|false\u00bb][et_pb_row column_structure=\u00bb3_5,2_5&#8243; use_custom_gutter=\u00bbon\u00bb gutter_width=\u00bb2&#8243; make_equal=\u00bbon\u00bb _builder_version=\u00bb3.29.2&#8243; width=\u00bb90%\u00bb width_tablet=\u00bb90%\u00bb width_phone=\u00bb90%\u00bb width_last_edited=\u00bbon|phone\u00bb max_width=\u00bb1400px\u00bb max_width_tablet=\u00bb90%\u00bb max_width_phone=\u00bb90%\u00bb max_width_last_edited=\u00bbon|tablet\u00bb][et_pb_column type=\u00bb3_5&#8243; _builder_version=\u00bb3.29.2&#8243;][et_pb_text _builder_version=\u00bb4.4.2&#8243; text_font=\u00bbPoppins|700|||||||\u00bb text_text_color=\u00bb#ffffff\u00bb text_letter_spacing=\u00bb3px\u00bb text_line_height=\u00bb1em\u00bb animation_style=\u00bbfade\u00bb] QUI\u00c9NES SOMOS [\/et_pb_text][et_pb_text _builder_version=\u00bb4.4.2&#8243; text_font=\u00bbMuli||||||||\u00bb text_text_color=\u00bb#FFFFFF\u00bb text_font_size=\u00bb16px\u00bb text_line_height=\u00bb1.8em\u00bb header_font=\u00bbPoppins||||||||\u00bb header_text_color=\u00bb#ffffff\u00bb header_font_size=\u00bb70px\u00bb header_line_height=\u00bb1.1em\u00bb animation_style=\u00bbfade\u00bb animation_delay=\u00bb250ms\u00bb header_font_size_tablet=\u00bb\u00bb header_font_size_phone=\u00bb35px\u00bb header_font_size_last_edited=\u00bbon|phone\u00bb] Morion es una joyer\u00eda especializada en ofrecer\u2026 <a href=\"https:\/\/morionjoyeria.com\/?page_id=63\">Read More &raquo;<\/a><\/p>\n","protected":false},"author":1,"featured_media":0,"parent":0,"menu_order":0,"comment_status":"closed","ping_status":"closed","template":"","meta":{"_et_pb_use_builder":"on","_et_pb_old_content":"","_et_gb_content_width":"","footnotes":""},"class_list":["post-63","page","type-page","status-publish","hentry"],"_links":{"self":[{"href":"https:\/\/morionjoyeria.com\/index.php?rest_route=\/wp\/v2\/pages\/63","targetHints":{"allow":["GET"]}}],"collection":[{"href":"https:\/\/morionjoyeria.com\/index.php?rest_route=\/wp\/v2\/pages"}],"about":[{"href":"https:\/\/morionjoyeria.com\/index.php?rest_route=\/wp\/v2\/types\/page"}],"author":[{"embeddable":true,"href":"https:\/\/morionjoyeria.com\/index.php?rest_route=\/wp\/v2\/users\/1"}],"replies":[{"embeddable":true,"href":"https:\/\/morionjoyeria.com\/index.php?rest_route=%2Fwp%2Fv2%2Fcomments&post=63"}],"version-history":[{"count":7,"href":"https:\/\/morionjoyeria.com\/index.php?rest_route=\/wp\/v2\/pages\/63\/revisions"}],"predecessor-version":[{"id":146,"href":"https:\/\/morionjoyeria.com\/index.php?rest_route=\/wp\/v2\/pages\/63\/revisions\/146"}],"wp:attachment":[{"href":"https:\/\/morionjoyeria.com\/index.php?rest_route=%2Fwp%2Fv2%2Fmedia&parent=63"}],"curies":[{"name":"wp","href":"https:\/\/api.w.org\/{rel}","templated":true}]}}